{"id":6771,"date":"2025-04-03T15:23:02","date_gmt":"2025-04-03T15:23:02","guid":{"rendered":"https:\/\/www.awesomeagency.nl\/?page_id=6771"},"modified":"2025-05-13T15:06:28","modified_gmt":"2025-05-13T15:06:28","slug":"picnic","status":"publish","type":"page","link":"https:\/\/awesomeagency.nl\/nl\/awesome-cases\/picnic\/","title":{"rendered":"picnic"},"content":{"rendered":"\n\t<section class=\"section dark\" id=\"section_1530099324\">\n\t\t<div class=\"bg section-bg fill bg-fill  bg-loaded\" >\n\n\t\t\t\n\t\t\t\n\t\t\t\n\n\t\t<\/div>\n\n\t\t\n\n\t\t<div class=\"section-content relative\">\n\t\t\t\n\n\n  <div class=\"banner has-hover\" id=\"banner-1358721920\">\n          <div class=\"banner-inner fill\">\n        <div class=\"banner-bg fill\" >\n            <div class=\"bg fill bg-fill \"><\/div>\n                        <div class=\"overlay\"><\/div>            \n                    <\/div>\n\t\t\n        <div class=\"banner-layers container\">\n            <div class=\"fill banner-link\"><\/div>            \n\n   <div id=\"text-box-199548657\" class=\"text-box banner-layer x0 md-x15 lg-x20 y5 md-y45 lg-y45 res-text\">\n                                <div class=\"text-box-content text dark\">\n              \n              <div class=\"text-inner text-center\">\n                  \n\n\t<div class=\"img has-hover x md-x lg-x y md-y lg-y\" id=\"image_610036273\">\n\t\t\t\t\t\t\t\t<div class=\"img-inner image-cover dark\" style=\"padding-top:56%;\">\n\t\t\t<img loading=\"lazy\" decoding=\"async\" width=\"150\" height=\"150\" src=\"https:\/\/awesomeagency.nl\/wp-content\/uploads\/2025\/04\/picnic3.png\" class=\"attachment-original size-original\" alt=\"\" \/>\t\t\t\t\t\t\n\t\t\t\t\t<\/div>\n\t\t\t\t\t\t\t\t\n<style>\n#image_610036273 {\n  width: 60%;\n}\n<\/style>\n\t<\/div>\n\t\n\n\n              <\/div>\n           <\/div>\n                            \n<style>\n#text-box-199548657 {\n  margin: 0px 0px 0px 0px;\n  width: 30%;\n}\n#text-box-199548657 .text-box-content {\n  font-size: 70%;\n}\n@media (min-width:550px) {\n  #text-box-199548657 {\n    margin: 0px 0px 0px 10px;\n    width: 14%;\n  }\n}\n@media (min-width:850px) {\n  #text-box-199548657 {\n    margin: 0px 0px 0px 30px;\n    width: 10%;\n  }\n}\n<\/style>\n    <\/div>\n \n   <div id=\"text-box-633403163\" class=\"text-box banner-layer x50 md-x50 lg-x50 y85 md-y85 lg-y85 res-text\">\n                                <div class=\"text-box-content text dark\">\n              \n              <div class=\"text-inner text-left\">\n                  \n\n\t<div id=\"text-4114458262\" class=\"text\">\n\t\t\n\n<h3><b>The Picnic Journey<\/b><\/h3>\n<p><span style=\"font-size: 75%;\">Docu over 10\u202f jaar innovatie<\/span><\/p>\n\n\t\t\n<style>\n#text-4114458262 {\n  font-size: 2rem;\n  line-height: 1;\n  text-align: center;\n  color: #ffffff;\n}\n#text-4114458262 > * {\n  color: #ffffff;\n}\n<\/style>\n\t<\/div>\n\t\n\n              <\/div>\n           <\/div>\n                            \n<style>\n#text-box-633403163 {\n  margin: 0px 0px 0px 0px;\n  width: 94%;\n}\n#text-box-633403163 .text-box-content {\n  font-size: 100%;\n}\n<\/style>\n    <\/div>\n \n\n        <\/div>\n      <\/div>\n\n            \n<style>\n#banner-1358721920 {\n  padding-top: 500px;\n}\n#banner-1358721920 .bg.bg-loaded {\n  background-image: url(https:\/\/awesomeagency.nl\/wp-content\/uploads\/2025\/03\/picnic-2.jpg);\n}\n#banner-1358721920 .overlay {\n  background-color: rgba(0, 0, 0, 0.378);\n}\n#banner-1358721920 .bg {\n  background-position: 49% 41%;\n}\n<\/style>\n  <\/div>\n\n\n\n\t\t<\/div>\n\n\t\t\n<style>\n#section_1530099324 {\n  padding-top: 0px;\n  padding-bottom: 0px;\n  background-color: rgb(0,0,0);\n}\n<\/style>\n\t<\/section>\n\t\n\t<section class=\"section\" id=\"section_384364428\">\n\t\t<div class=\"bg section-bg fill bg-fill  bg-loaded\" >\n\n\t\t\t\n\t\t\t\n\t\t\t\n\n\t\t<\/div>\n\n\t\t\n\n\t\t<div class=\"section-content relative\">\n\t\t\t\n\n<div class=\"row\"  id=\"row-160660008\">\n\n\n\t<div id=\"col-1346983647\" class=\"col medium-4 small-12 large-4\"  >\n\t\t\t\t<div class=\"col-inner\"  >\n\t\t\t\n\t\t\t\n\n\t<div id=\"text-1355681301\" class=\"text\">\n\t\t\n\n<h2><span style=\"font-size: 150%;\">De case<\/span><\/h2>\n\n\t\t\n<style>\n#text-1355681301 {\n  color: rgb(255,255,255);\n}\n#text-1355681301 > * {\n  color: rgb(255,255,255);\n}\n<\/style>\n\t<\/div>\n\t\n\n\t\t<\/div>\n\t\t\t\t\n<style>\n#col-1346983647 > .col-inner {\n  padding: 0px 0px 0px 0px;\n}\n<\/style>\n\t<\/div>\n\n\t\n\n\t<div id=\"col-1124315044\" class=\"col medium-8 small-12 large-8\"  >\n\t\t\t\t<div class=\"col-inner\"  >\n\t\t\t\n\t\t\t\n\n\t<div id=\"text-1071344651\" class=\"text\">\n\t\t\n\n<p><span style=\"font-weight: 400;\">Geen standaard jubileumfilm, maar een mini-docu: van ambitieuze start-up tot internationale supermarkt-disruptor. Picnic vierde 10 jaar innovatie met een ode aan de 20.000 medewerkers die het mogelijk maakten. Doel: vieren \u00e9n aantrekkelijk zijn voor nieuw talent.<\/span><\/p>\n\n\t\t\n<style>\n#text-1071344651 {\n  line-height: 1.5;\n  text-align: left;\n  color: rgb(255,255,255);\n}\n#text-1071344651 > * {\n  color: rgb(255,255,255);\n}\n<\/style>\n\t<\/div>\n\t\n\n\t\t<\/div>\n\t\t\t\t\n<style>\n#col-1124315044 > .col-inner {\n  margin: 0px 0px 0px 0px;\n}\n@media (min-width:550px) {\n  #col-1124315044 > .col-inner {\n    margin: 0px 0px 0px 20px;\n  }\n}\n<\/style>\n\t<\/div>\n\n\t\n\n\n<style>\n#row-160660008 > .col > .col-inner {\n  padding: 0px 0px 0px 0px;\n}\n@media (min-width:550px) {\n  #row-160660008 > .col > .col-inner {\n    padding: 50px 0px 50px 0px;\n  }\n}\n<\/style>\n<\/div>\n\n\t\t<\/div>\n\n\t\t\n<style>\n#section_384364428 {\n  padding-top: 15px;\n  padding-bottom: 15px;\n  background-color: rgb(0,0,0);\n}\n@media (min-width:550px) {\n  #section_384364428 {\n    padding-top: 30px;\n    padding-bottom: 30px;\n  }\n}\n<\/style>\n\t<\/section>\n\t\n\t<section class=\"section\" id=\"section_834117760\">\n\t\t<div class=\"bg section-bg fill bg-fill  bg-loaded\" >\n\n\t\t\t\n\t\t\t\n\t\t\t\n\n\t\t<\/div>\n\n\t\t\n\n\t\t<div class=\"section-content relative\">\n\t\t\t\n\n\t<div id=\"stack-658933755\" class=\"stack stack-row justify-start items-stretch sm:stack-col\">\n\t\t\n\n<div class=\"row\"  id=\"row-614702750\">\n\n\n\t<div id=\"col-536890814\" class=\"col small-12 large-12\"  >\n\t\t\t\t<div class=\"col-inner\"  >\n\t\t\t\n\t\t\t\n\n\t<div class=\"img has-hover x md-x lg-x y md-y lg-y\" id=\"image_1223658366\">\n\t\t\t\t\t\t\t\t<div class=\"img-inner image-cover dark\" style=\"padding-top:300px;\">\n\t\t\t<img loading=\"lazy\" decoding=\"async\" width=\"1920\" height=\"1080\" src=\"https:\/\/awesomeagency.nl\/wp-content\/uploads\/2025\/04\/Picnic-3.jpg\" class=\"attachment-original size-original\" alt=\"\" srcset=\"https:\/\/awesomeagency.nl\/wp-content\/uploads\/2025\/04\/Picnic-3.jpg 1920w, https:\/\/awesomeagency.nl\/wp-content\/uploads\/2025\/04\/Picnic-3-300x169.jpg 300w, https:\/\/awesomeagency.nl\/wp-content\/uploads\/2025\/04\/Picnic-3-1024x576.jpg 1024w, https:\/\/awesomeagency.nl\/wp-content\/uploads\/2025\/04\/Picnic-3-768x432.jpg 768w, https:\/\/awesomeagency.nl\/wp-content\/uploads\/2025\/04\/Picnic-3-1536x864.jpg 1536w\" sizes=\"auto, (max-width: 1920px) 100vw, 1920px\" \/>\t\t\t\t\t\t\n\t\t\t\t\t<\/div>\n\t\t\t\t\t\t\t\t\n<style>\n#image_1223658366 {\n  width: 100%;\n}\n<\/style>\n\t<\/div>\n\t\n\n\n\t\t<\/div>\n\t\t\t\t\t<\/div>\n\n\t\n\n<\/div>\n<div class=\"row\"  id=\"row-1640034359\">\n\n\n\t<div id=\"col-1630432\" class=\"col small-12 large-12\"  >\n\t\t\t\t<div class=\"col-inner\"  >\n\t\t\t\n\t\t\t\n\n<div class=\"video video-fit mb\" style=\"padding-top:56%;\"><iframe loading=\"lazy\" title=\"Picnic 10 years documentary\" width=\"1020\" height=\"574\" src=\"https:\/\/www.youtube.com\/embed\/JQGu37l5D_k?feature=oembed\" frameborder=\"0\" allow=\"accelerometer; autoplay; clipboard-write; encrypted-media; gyroscope; picture-in-picture; web-share\" referrerpolicy=\"strict-origin-when-cross-origin\" allowfullscreen><\/iframe><\/div>\n\n\n\t\t<\/div>\n\t\t\t\t\t<\/div>\n\n\t\n\n<\/div>\n<div class=\"row\"  id=\"row-2065592896\">\n\n\n\t<div id=\"col-945850768\" class=\"col small-12 large-12\"  >\n\t\t\t\t<div class=\"col-inner\"  >\n\t\t\t\n\t\t\t\n\n\t<div class=\"img has-hover x md-x lg-x y md-y lg-y\" id=\"image_1499017314\">\n\t\t\t\t\t\t\t\t<div class=\"img-inner image-cover dark\" style=\"padding-top:300px;\">\n\t\t\t<img loading=\"lazy\" decoding=\"async\" width=\"1920\" height=\"1080\" src=\"https:\/\/awesomeagency.nl\/wp-content\/uploads\/2025\/04\/Picnic-6.jpg\" class=\"attachment-original size-original\" alt=\"\" srcset=\"https:\/\/awesomeagency.nl\/wp-content\/uploads\/2025\/04\/Picnic-6.jpg 1920w, https:\/\/awesomeagency.nl\/wp-content\/uploads\/2025\/04\/Picnic-6-300x169.jpg 300w, https:\/\/awesomeagency.nl\/wp-content\/uploads\/2025\/04\/Picnic-6-1024x576.jpg 1024w, https:\/\/awesomeagency.nl\/wp-content\/uploads\/2025\/04\/Picnic-6-768x432.jpg 768w, https:\/\/awesomeagency.nl\/wp-content\/uploads\/2025\/04\/Picnic-6-1536x864.jpg 1536w\" sizes=\"auto, (max-width: 1920px) 100vw, 1920px\" \/>\t\t\t\t\t\t\n\t\t\t\t\t<\/div>\n\t\t\t\t\t\t\t\t\n<style>\n#image_1499017314 {\n  width: 100%;\n}\n<\/style>\n\t<\/div>\n\t\n\n\n\t\t<\/div>\n\t\t\t\t\t<\/div>\n\n\t\n\n<\/div>\n\n\t\t\n<style>\n#stack-658933755 > * {\n  --stack-gap: 0rem;\n}\n<\/style>\n\t<\/div>\n\t\n\n\t\t<\/div>\n\n\t\t\n<style>\n#section_834117760 {\n  padding-top: 30px;\n  padding-bottom: 30px;\n  background-color: rgb(0,0,0);\n}\n<\/style>\n\t<\/section>\n\t\n\t<section class=\"section\" id=\"section_1829826288\">\n\t\t<div class=\"bg section-bg fill bg-fill  bg-loaded\" >\n\n\t\t\t\n\t\t\t\n\t\t\t\n\n\t\t<\/div>\n\n\t\t\n\n\t\t<div class=\"section-content relative\">\n\t\t\t\n\n<div class=\"row\"  id=\"row-525544909\">\n\n\n\t<div id=\"col-132750243\" class=\"col medium-4 small-12 large-4\"  >\n\t\t\t\t<div class=\"col-inner\"  >\n\t\t\t\n\t\t\t\n\n\t<div id=\"text-868653024\" class=\"text\">\n\t\t\n\n<h2><span style=\"font-size: 150%;\">De uitdaging<\/span><\/h2>\n\n\t\t\n<style>\n#text-868653024 {\n  color: rgb(255,255,255);\n}\n#text-868653024 > * {\n  color: rgb(255,255,255);\n}\n<\/style>\n\t<\/div>\n\t\n\n\t\t<\/div>\n\t\t\t\t\t<\/div>\n\n\t\n\n\t<div id=\"col-1296804765\" class=\"col medium-8 small-12 large-8\"  >\n\t\t\t\t<div class=\"col-inner\"  >\n\t\t\t\n\t\t\t\n\n\t<div id=\"text-1531075969\" class=\"text\">\n\t\t\n\n<p><span style=\"font-weight: 400;\">Hoe vind je de juiste balans tussen chronologische mijlpalen en emotionele impact? We vertaalden het Picnic-DNA naar een filmisch narratief. Zonder corporate clich\u00e9s. De docu moest de groei van NL naar DE en FR laten zien \u00e9n intern \u00e9n extern relevant zijn.<\/span><\/p>\n\n\t\t\n<style>\n#text-1531075969 {\n  line-height: 1.5;\n  text-align: left;\n  color: rgb(255,255,255);\n}\n#text-1531075969 > * {\n  color: rgb(255,255,255);\n}\n<\/style>\n\t<\/div>\n\t\n\n\t\t<\/div>\n\t\t\t\t\n<style>\n#col-1296804765 > .col-inner {\n  margin: 0px 0px 0px 0px;\n}\n@media (min-width:550px) {\n  #col-1296804765 > .col-inner {\n    margin: 0px 0px 0px 20px;\n  }\n}\n<\/style>\n\t<\/div>\n\n\t\n\n\n<style>\n#row-525544909 > .col > .col-inner {\n  padding: 0px 0px 0px 0px;\n}\n@media (min-width:550px) {\n  #row-525544909 > .col > .col-inner {\n    padding: 50px 0px 50px 0px;\n  }\n}\n<\/style>\n<\/div>\n\n\t\t<\/div>\n\n\t\t\n<style>\n#section_1829826288 {\n  padding-top: 15px;\n  padding-bottom: 15px;\n  background-color: rgb(0,0,0);\n}\n@media (min-width:550px) {\n  #section_1829826288 {\n    padding-top: 30px;\n    padding-bottom: 30px;\n  }\n}\n<\/style>\n\t<\/section>\n\t\n\t<section class=\"section\" id=\"section_1501072263\">\n\t\t<div class=\"bg section-bg fill bg-fill  bg-loaded\" >\n\n\t\t\t\n\t\t\t\n\t\t\t\n\n\t\t<\/div>\n\n\t\t\n\n\t\t<div class=\"section-content relative\">\n\t\t\t\n\n<div class=\"row\"  id=\"row-1853152163\">\n\n\n\t<div id=\"col-260066068\" class=\"col medium-4 small-12 large-4\"  >\n\t\t\t\t<div class=\"col-inner\"  >\n\t\t\t\n\t\t\t\n\n\t<div id=\"text-2953402914\" class=\"text\">\n\t\t\n\n<h2><span style=\"font-size: 150%;\">Het inzicht<\/span><\/h2>\n\n\t\t\n<style>\n#text-2953402914 {\n  color: rgb(255,255,255);\n}\n#text-2953402914 > * {\n  color: rgb(255,255,255);\n}\n<\/style>\n\t<\/div>\n\t\n\n\t\t<\/div>\n\t\t\t\t\t<\/div>\n\n\t\n\n\t<div id=\"col-1610344600\" class=\"col medium-8 small-12 large-8\"  >\n\t\t\t\t<div class=\"col-inner\"  >\n\t\t\t\n\t\t\t\n\n\t<div id=\"text-497946623\" class=\"text\">\n\t\t\n\n<p><span style=\"font-weight: 400;\">Picnic werkt als een Formule 1-team: specialisten die voortdurend op zoek zijn kleine aanpassingen die een groot verschil teweeg kunnen brengen. Dat people-first perspectief vormde de rode draad van het verhaal.<\/span><\/p>\n\n\t\t\n<style>\n#text-497946623 {\n  line-height: 1.5;\n  text-align: left;\n  color: rgb(255,255,255);\n}\n#text-497946623 > * {\n  color: rgb(255,255,255);\n}\n<\/style>\n\t<\/div>\n\t\n\n\t\t<\/div>\n\t\t\t\t\n<style>\n#col-1610344600 > .col-inner {\n  margin: 0px 0px 0px 0px;\n}\n@media (min-width:550px) {\n  #col-1610344600 > .col-inner {\n    margin: 0px 0px 0px 20px;\n  }\n}\n<\/style>\n\t<\/div>\n\n\t\n\n\n<style>\n#row-1853152163 > .col > .col-inner {\n  padding: 0px 0px 0px 0px;\n}\n@media (min-width:550px) {\n  #row-1853152163 > .col > .col-inner {\n    padding: 50px 0px 50px 0px;\n  }\n}\n<\/style>\n<\/div>\n\n\t\t<\/div>\n\n\t\t\n<style>\n#section_1501072263 {\n  padding-top: 15px;\n  padding-bottom: 15px;\n  background-color: rgb(0,0,0);\n}\n@media (min-width:550px) {\n  #section_1501072263 {\n    padding-top: 30px;\n    padding-bottom: 30px;\n  }\n}\n<\/style>\n\t<\/section>\n\t\n\t<section class=\"section\" id=\"section_579476336\">\n\t\t<div class=\"bg section-bg fill bg-fill  bg-loaded\" >\n\n\t\t\t\n\t\t\t\n\t\t\t\n\n\t\t<\/div>\n\n\t\t\n\n\t\t<div class=\"section-content relative\">\n\t\t\t\n\n\t<div id=\"stack-2082529002\" class=\"stack stack-row justify-start items-stretch sm:stack-col\">\n\t\t\n\n<div class=\"row\"  id=\"row-1462440703\">\n\n\n\t<div id=\"col-772609491\" class=\"col small-12 large-12\"  >\n\t\t\t\t<div class=\"col-inner\"  >\n\t\t\t\n\t\t\t\n\n\t<div class=\"img has-hover x md-x lg-x y md-y lg-y\" id=\"image_2110710116\">\n\t\t\t\t\t\t\t\t<div class=\"img-inner image-cover dark\" style=\"padding-top:300px;\">\n\t\t\t<img loading=\"lazy\" decoding=\"async\" width=\"1920\" height=\"1080\" src=\"https:\/\/awesomeagency.nl\/wp-content\/uploads\/2025\/04\/Picnic-5.jpg\" class=\"attachment-original size-original\" alt=\"\" srcset=\"https:\/\/awesomeagency.nl\/wp-content\/uploads\/2025\/04\/Picnic-5.jpg 1920w, https:\/\/awesomeagency.nl\/wp-content\/uploads\/2025\/04\/Picnic-5-300x169.jpg 300w, https:\/\/awesomeagency.nl\/wp-content\/uploads\/2025\/04\/Picnic-5-1024x576.jpg 1024w, https:\/\/awesomeagency.nl\/wp-content\/uploads\/2025\/04\/Picnic-5-768x432.jpg 768w, https:\/\/awesomeagency.nl\/wp-content\/uploads\/2025\/04\/Picnic-5-1536x864.jpg 1536w\" sizes=\"auto, (max-width: 1920px) 100vw, 1920px\" \/>\t\t\t\t\t\t\n\t\t\t\t\t<\/div>\n\t\t\t\t\t\t\t\t\n<style>\n#image_2110710116 {\n  width: 100%;\n}\n<\/style>\n\t<\/div>\n\t\n\n\n\t\t<\/div>\n\t\t\t\t\t<\/div>\n\n\t\n\n<\/div>\n<div class=\"row\"  id=\"row-1406361030\">\n\n\n\t<div id=\"col-142552303\" class=\"col small-12 large-12\"  >\n\t\t\t\t<div class=\"col-inner\"  >\n\t\t\t\n\t\t\t\n\n\t<div class=\"img has-hover x md-x lg-x y md-y lg-y\" id=\"image_1935803253\">\n\t\t\t\t\t\t\t\t<div class=\"img-inner image-cover dark\" style=\"padding-top:300px;\">\n\t\t\t<img loading=\"lazy\" decoding=\"async\" width=\"1920\" height=\"1080\" src=\"https:\/\/awesomeagency.nl\/wp-content\/uploads\/2025\/04\/Picnic-4.jpg\" class=\"attachment-original size-original\" alt=\"\" srcset=\"https:\/\/awesomeagency.nl\/wp-content\/uploads\/2025\/04\/Picnic-4.jpg 1920w, https:\/\/awesomeagency.nl\/wp-content\/uploads\/2025\/04\/Picnic-4-300x169.jpg 300w, https:\/\/awesomeagency.nl\/wp-content\/uploads\/2025\/04\/Picnic-4-1024x576.jpg 1024w, https:\/\/awesomeagency.nl\/wp-content\/uploads\/2025\/04\/Picnic-4-768x432.jpg 768w, https:\/\/awesomeagency.nl\/wp-content\/uploads\/2025\/04\/Picnic-4-1536x864.jpg 1536w\" sizes=\"auto, (max-width: 1920px) 100vw, 1920px\" \/>\t\t\t\t\t\t\n\t\t\t\t\t<\/div>\n\t\t\t\t\t\t\t\t\n<style>\n#image_1935803253 {\n  width: 100%;\n}\n<\/style>\n\t<\/div>\n\t\n\n\n\t\t<\/div>\n\t\t\t\t\t<\/div>\n\n\t\n\n<\/div>\n<div class=\"row\"  id=\"row-2037380355\">\n\n\n\t<div id=\"col-660202947\" class=\"col small-12 large-12\"  >\n\t\t\t\t<div class=\"col-inner\"  >\n\t\t\t\n\t\t\t\n\n\t<div class=\"img has-hover x md-x lg-x y md-y lg-y\" id=\"image_1436795863\">\n\t\t\t\t\t\t\t\t<div class=\"img-inner image-cover dark\" style=\"padding-top:300px;\">\n\t\t\t<img loading=\"lazy\" decoding=\"async\" width=\"1920\" height=\"1080\" src=\"https:\/\/awesomeagency.nl\/wp-content\/uploads\/2025\/04\/Picnic-1.jpg\" class=\"attachment-original size-original\" alt=\"\" srcset=\"https:\/\/awesomeagency.nl\/wp-content\/uploads\/2025\/04\/Picnic-1.jpg 1920w, https:\/\/awesomeagency.nl\/wp-content\/uploads\/2025\/04\/Picnic-1-300x169.jpg 300w, https:\/\/awesomeagency.nl\/wp-content\/uploads\/2025\/04\/Picnic-1-1024x576.jpg 1024w, https:\/\/awesomeagency.nl\/wp-content\/uploads\/2025\/04\/Picnic-1-768x432.jpg 768w, https:\/\/awesomeagency.nl\/wp-content\/uploads\/2025\/04\/Picnic-1-1536x864.jpg 1536w\" sizes=\"auto, (max-width: 1920px) 100vw, 1920px\" \/>\t\t\t\t\t\t\n\t\t\t\t\t<\/div>\n\t\t\t\t\t\t\t\t\n<style>\n#image_1436795863 {\n  width: 100%;\n}\n<\/style>\n\t<\/div>\n\t\n\n\n\t\t<\/div>\n\t\t\t\t\t<\/div>\n\n\t\n\n<\/div>\n\n\t\t\n<style>\n#stack-2082529002 > * {\n  --stack-gap: 0rem;\n}\n<\/style>\n\t<\/div>\n\t\n\n\t\t<\/div>\n\n\t\t\n<style>\n#section_579476336 {\n  padding-top: 30px;\n  padding-bottom: 30px;\n  background-color: rgb(0,0,0);\n}\n<\/style>\n\t<\/section>\n\t\n\t<section class=\"section\" id=\"section_704298404\">\n\t\t<div class=\"bg section-bg fill bg-fill  bg-loaded\" >\n\n\t\t\t\n\t\t\t\n\t\t\t\n\n\t\t<\/div>\n\n\t\t\n\n\t\t<div class=\"section-content relative\">\n\t\t\t\n\n<div class=\"row\"  id=\"row-371203266\">\n\n\n\t<div id=\"col-889869964\" class=\"col medium-4 small-12 large-4\"  >\n\t\t\t\t<div class=\"col-inner\"  >\n\t\t\t\n\t\t\t\n\n\t<div id=\"text-2875808989\" class=\"text\">\n\t\t\n\n<h2><span style=\"font-size: 150%;\">De campagne<\/span><\/h2>\n\n\t\t\n<style>\n#text-2875808989 {\n  color: rgb(255,255,255);\n}\n#text-2875808989 > * {\n  color: rgb(255,255,255);\n}\n<\/style>\n\t<\/div>\n\t\n\n\t\t<\/div>\n\t\t\t\t\t<\/div>\n\n\t\n\n\t<div id=\"col-1859843734\" class=\"col medium-8 small-12 large-8\"  >\n\t\t\t\t<div class=\"col-inner\"  >\n\t\t\t\n\t\t\t\n\n\t<div id=\"text-3061692391\" class=\"text\">\n\t\t\n\n<p><span style=\"font-weight: 400;\">Geen lineaire tijdlijn, maar een energieke montage van archiefbeelden, speelse typografie en vloeiende overgangen. De spotlight lag op de mensen achter het merk \u2013 van founders tot EV-bezorgers. Een filmisch verhaal dat het verleden eert en de toekomst omarmt.<\/span><\/p>\n\n\t\t\n<style>\n#text-3061692391 {\n  line-height: 1.5;\n  text-align: left;\n  color: rgb(255,255,255);\n}\n#text-3061692391 > * {\n  color: rgb(255,255,255);\n}\n<\/style>\n\t<\/div>\n\t\n\n\t\t<\/div>\n\t\t\t\t\n<style>\n#col-1859843734 > .col-inner {\n  margin: 0px 0px 0px 0px;\n}\n@media (min-width:550px) {\n  #col-1859843734 > .col-inner {\n    margin: 0px 0px 0px 20px;\n  }\n}\n<\/style>\n\t<\/div>\n\n\t\n\n\n<style>\n#row-371203266 > .col > .col-inner {\n  padding: 0px 0px 0px 0px;\n}\n@media (min-width:550px) {\n  #row-371203266 > .col > .col-inner {\n    padding: 50px 0px 50px 0px;\n  }\n}\n<\/style>\n<\/div>\n\n\t\t<\/div>\n\n\t\t\n<style>\n#section_704298404 {\n  padding-top: 15px;\n  padding-bottom: 15px;\n  background-color: rgb(0,0,0);\n}\n@media (min-width:550px) {\n  #section_704298404 {\n    padding-top: 30px;\n    padding-bottom: 30px;\n  }\n}\n<\/style>\n\t<\/section>\n\t\n\t<section class=\"section\" id=\"section_98357212\">\n\t\t<div class=\"bg section-bg fill bg-fill  bg-loaded\" >\n\n\t\t\t\n\t\t\t\n\t\t\t\n\n\t\t<\/div>\n\n\t\t\n\n\t\t<div class=\"section-content relative\">\n\t\t\t\n\n<div class=\"row\"  id=\"row-632767479\">\n\n\n\t<div id=\"col-34373648\" class=\"col medium-4 small-12 large-4\"  >\n\t\t\t\t<div class=\"col-inner\"  >\n\t\t\t\n\t\t\t\n\n\t<div id=\"text-2657415384\" class=\"text\">\n\t\t\n\n<h2><span style=\"font-size: 150%;\">Het resultaat<\/span><\/h2>\n\n\t\t\n<style>\n#text-2657415384 {\n  color: rgb(255,255,255);\n}\n#text-2657415384 > * {\n  color: rgb(255,255,255);\n}\n<\/style>\n\t<\/div>\n\t\n\n\t\t<\/div>\n\t\t\t\t\t<\/div>\n\n\t\n\n\t<div id=\"col-1638606818\" class=\"col medium-8 small-12 large-8\"  >\n\t\t\t\t<div class=\"col-inner\"  >\n\t\t\t\n\t\t\t\n\n\t<div id=\"text-3780509151\" class=\"text\">\n\t\t\n\n<p><span style=\"font-weight: 400;\">De premi\u00e8re vond plaats tijdens de jaarlijkse kick-off: een moment van trots \u00e9n vooruitkijken. De docu leeft door op digitale kanalen en blijft nieuwe talenten aantrekken. <\/span><\/p>\n\n\t\t\n<style>\n#text-3780509151 {\n  line-height: 1.5;\n  text-align: left;\n  color: rgb(255,255,255);\n}\n#text-3780509151 > * {\n  color: rgb(255,255,255);\n}\n<\/style>\n\t<\/div>\n\t\n<a href=\"https:\/\/awesomeagency.nl\/nl\/contact\/\" class=\"button secondary is-link\"  style=\"border-radius:99px;\">\n    <span>Samenwerken? Neem contact op!<\/span>\n  <i class=\"icon-angle-right\" aria-hidden=\"true\" ><\/i><\/a>\n\n\n\n\t\t<\/div>\n\t\t\t\t\n<style>\n#col-1638606818 > .col-inner {\n  margin: 0px 0px 0px 0px;\n}\n@media (min-width:550px) {\n  #col-1638606818 > .col-inner {\n    margin: 0px 0px 0px 20px;\n  }\n}\n<\/style>\n\t<\/div>\n\n\t\n\n\n<style>\n#row-632767479 > .col > .col-inner {\n  padding: 0px 0px 0px 0px;\n}\n@media (min-width:550px) {\n  #row-632767479 > .col > .col-inner {\n    padding: 50px 0px 50px 0px;\n  }\n}\n<\/style>\n<\/div>\n\n\t\t<\/div>\n\n\t\t\n<style>\n#section_98357212 {\n  padding-top: 15px;\n  padding-bottom: 15px;\n  background-color: rgb(0,0,0);\n}\n@media (min-width:550px) {\n  #section_98357212 {\n    padding-top: 30px;\n    padding-bottom: 30px;\n  }\n}\n<\/style>\n\t<\/section>\n\t\n\n\n\n","protected":false},"excerpt":{"rendered":"","protected":false},"author":1,"featured_media":0,"parent":6859,"menu_order":0,"comment_status":"closed","ping_status":"closed","template":"page-blank.php","meta":{"footnotes":""},"class_list":["post-6771","page","type-page","status-publish","hentry"],"_links":{"self":[{"href":"https:\/\/awesomeagency.nl\/nl\/wp-json\/wp\/v2\/pages\/6771","targetHints":{"allow":["GET"]}}],"collection":[{"href":"https:\/\/awesomeagency.nl\/nl\/wp-json\/wp\/v2\/pages"}],"about":[{"href":"https:\/\/awesomeagency.nl\/nl\/wp-json\/wp\/v2\/types\/page"}],"author":[{"embeddable":true,"href":"https:\/\/awesomeagency.nl\/nl\/wp-json\/wp\/v2\/users\/1"}],"replies":[{"embeddable":true,"href":"https:\/\/awesomeagency.nl\/nl\/wp-json\/wp\/v2\/comments?post=6771"}],"version-history":[{"count":0,"href":"https:\/\/awesomeagency.nl\/nl\/wp-json\/wp\/v2\/pages\/6771\/revisions"}],"up":[{"embeddable":true,"href":"https:\/\/awesomeagency.nl\/nl\/wp-json\/wp\/v2\/pages\/6859"}],"wp:attachment":[{"href":"https:\/\/awesomeagency.nl\/nl\/wp-json\/wp\/v2\/media?parent=6771"}],"curies":[{"name":"wp","href":"https:\/\/api.w.org\/{rel}","templated":true}]}}